{"id":1295,"date":"2025-07-14T14:42:33","date_gmt":"2025-07-14T14:42:33","guid":{"rendered":"https:\/\/buenavoluntadvenezuela.org\/?page_id=1295"},"modified":"2025-07-21T13:39:53","modified_gmt":"2025-07-21T13:39:53","slug":"capacitacion-virtual","status":"publish","type":"page","link":"https:\/\/buenavoluntadvenezuela.org\/en\/capacitacion-virtual\/","title":{"rendered":"VIRTUAL TRAINING"},"content":{"rendered":"<div data-elementor-type=\"wp-page\" data-elementor-id=\"1295\" class=\"elementor elementor-1295\">\n\t\t\t\t\t\t<section class=\"elementor-section elementor-top-section elementor-element elementor-element-fcc95c1 elementor-section-boxed elementor-section-height-default elementor-section-height-default\" data-id=\"fcc95c1\" data-element_type=\"section\" data-e-type=\"section\">\n\t\t\t\t\t\t<div class=\"elementor-container elementor-column-gap-default\">\n\t\t\t\t\t<div class=\"elementor-column elementor-col-100 elementor-top-column elementor-element elementor-element-90dba98\" data-id=\"90dba98\" data-element_type=\"column\" data-e-type=\"column\">\n\t\t\t<div class=\"elementor-widget-wrap elementor-element-populated\">\n\t\t\t\t\t\t<div class=\"elementor-element elementor-element-eec4ee1 elementor-widget elementor-widget-heading\" data-id=\"eec4ee1\" data-element_type=\"widget\" data-e-type=\"widget\" data-widget_type=\"heading.default\">\n\t\t\t\t<div class=\"elementor-widget-container\">\n\t\t\t\t\t<h2 class=\"elementor-heading-title elementor-size-default\">VIRTUAL TRAINING<\/h2>\t\t\t\t<\/div>\n\t\t\t\t<\/div>\n\t\t\t\t\t<\/div>\n\t\t<\/div>\n\t\t\t\t\t<\/div>\n\t\t<\/section>\n\t\t\t\t<section class=\"elementor-section elementor-top-section elementor-element elementor-element-fb8b356 elementor-section-boxed elementor-section-height-default elementor-section-height-default\" data-id=\"fb8b356\" data-element_type=\"section\" data-e-type=\"section\">\n\t\t\t\t\t\t<div class=\"elementor-container elementor-column-gap-default\">\n\t\t\t\t\t<div class=\"elementor-column elementor-col-100 elementor-top-column elementor-element elementor-element-4776a28\" data-id=\"4776a28\" data-element_type=\"column\" data-e-type=\"column\">\n\t\t\t<div class=\"elementor-widget-wrap elementor-element-populated\">\n\t\t\t\t\t\t<div class=\"elementor-element elementor-element-49a6fe9 elementor-widget elementor-widget-heading\" data-id=\"49a6fe9\" data-element_type=\"widget\" data-e-type=\"widget\" data-widget_type=\"heading.default\">\n\t\t\t\t<div class=\"elementor-widget-container\">\n\t\t\t\t\t<h2 class=\"elementor-heading-title elementor-size-default\">Connecting Talents<\/h2>\t\t\t\t<\/div>\n\t\t\t\t<\/div>\n\t\t\t\t\t<\/div>\n\t\t<\/div>\n\t\t\t\t\t<\/div>\n\t\t<\/section>\n\t\t\t\t<section class=\"elementor-section elementor-top-section elementor-element elementor-element-94286b2 elementor-section-boxed elementor-section-height-default elementor-section-height-default\" data-id=\"94286b2\" data-element_type=\"section\" data-e-type=\"section\">\n\t\t\t\t\t\t<div class=\"elementor-container elementor-column-gap-default\">\n\t\t\t\t\t<div class=\"elementor-column elementor-col-100 elementor-top-column elementor-element elementor-element-ff4dddf\" data-id=\"ff4dddf\" data-element_type=\"column\" data-e-type=\"column\">\n\t\t\t<div class=\"elementor-widget-wrap elementor-element-populated\">\n\t\t\t\t\t\t<div class=\"elementor-element elementor-element-3bf2b06 elementor-widget__width-initial elementor-widget elementor-widget-text-editor\" data-id=\"3bf2b06\" data-element_type=\"widget\" data-e-type=\"widget\" data-widget_type=\"text-editor.default\">\n\t\t\t\t<div class=\"elementor-widget-container\">\n\t\t\t\t\t\t\t\t\t<p style=\"text-align: center;\"><span style=\"font-weight: 400;\">is a virtual training program designed to expand training opportunities and social and labor inclusion for people with disabilities in various cities across the country.\u00a0<\/span><\/p>\t\t\t\t\t\t\t\t<\/div>\n\t\t\t\t<\/div>\n\t\t\t\t<div class=\"elementor-element elementor-element-3628997 elementor-widget__width-initial elementor-widget elementor-widget-image\" data-id=\"3628997\" data-element_type=\"widget\" data-e-type=\"widget\" data-widget_type=\"image.default\">\n\t\t\t\t<div class=\"elementor-widget-container\">\n\t\t\t\t\t\t\t\t\t\t\t\t\t\t\t<img fetchpriority=\"high\" decoding=\"async\" width=\"768\" height=\"1024\" src=\"https:\/\/buenavoluntadvenezuela.org\/wp-content\/uploads\/2025\/07\/WhatsApp-Image-2025-07-21-at-09.15.12-768x1024.jpeg\" class=\"attachment-large size-large wp-image-1363\" alt=\"\" srcset=\"https:\/\/buenavoluntadvenezuela.org\/wp-content\/uploads\/2025\/07\/WhatsApp-Image-2025-07-21-at-09.15.12-768x1024.jpeg 768w, https:\/\/buenavoluntadvenezuela.org\/wp-content\/uploads\/2025\/07\/WhatsApp-Image-2025-07-21-at-09.15.12-225x300.jpeg 225w, https:\/\/buenavoluntadvenezuela.org\/wp-content\/uploads\/2025\/07\/WhatsApp-Image-2025-07-21-at-09.15.12-1152x1536.jpeg 1152w, https:\/\/buenavoluntadvenezuela.org\/wp-content\/uploads\/2025\/07\/WhatsApp-Image-2025-07-21-at-09.15.12-1536x2048.jpeg 1536w, https:\/\/buenavoluntadvenezuela.org\/wp-content\/uploads\/2025\/07\/WhatsApp-Image-2025-07-21-at-09.15.12-9x12.jpeg 9w, https:\/\/buenavoluntadvenezuela.org\/wp-content\/uploads\/2025\/07\/WhatsApp-Image-2025-07-21-at-09.15.12-600x800.jpeg 600w, https:\/\/buenavoluntadvenezuela.org\/wp-content\/uploads\/2025\/07\/WhatsApp-Image-2025-07-21-at-09.15.12.jpeg 1920w\" sizes=\"(max-width: 768px) 100vw, 768px\" \/>\t\t\t\t\t\t\t\t\t\t\t\t\t\t\t<\/div>\n\t\t\t\t<\/div>\n\t\t\t\t<div class=\"elementor-element elementor-element-d695b68 elementor-widget__width-initial elementor-widget elementor-widget-text-editor\" data-id=\"d695b68\" data-element_type=\"widget\" data-e-type=\"widget\" data-widget_type=\"text-editor.default\">\n\t\t\t\t<div class=\"elementor-widget-container\">\n\t\t\t\t\t\t\t\t\t<p>\u00a0<\/p><p><span style=\"font-weight: 400;\">This initiative is primarily aimed at families with young adults with disabilities and focuses on the development of socio-emotional competencies, also known as soft skills.\u00a0<\/span><\/p><p><span style=\"font-weight: 400;\">The program's content covers three key areas: <\/span><i><span style=\"font-weight: 400;\">Training for Work<\/span><\/i><span style=\"font-weight: 400;\">which includes strengthening job performance and social empowerment <\/span><i><span style=\"font-weight: 400;\">the Candidate Area,<\/span><\/i><span style=\"font-weight: 400;\">focused on the key processes of a company's selection and hiring cycle; <\/span><i><span style=\"font-weight: 400;\">Computing<\/span><\/i><span style=\"font-weight: 400;\">focused on enhancing skills in Office suite tools.\u00a0<\/span><\/p>\t\t\t\t\t\t\t\t<\/div>\n\t\t\t\t<\/div>\n\t\t\t\t\t<\/div>\n\t\t<\/div>\n\t\t\t\t\t<\/div>\n\t\t<\/section>\n\t\t\t\t<section class=\"elementor-section elementor-top-section elementor-element elementor-element-505f415 elementor-section-boxed elementor-section-height-default elementor-section-height-default\" data-id=\"505f415\" data-element_type=\"section\" data-e-type=\"section\">\n\t\t\t\t\t\t<div class=\"elementor-container elementor-column-gap-default\">\n\t\t\t\t\t<div class=\"elementor-column elementor-col-100 elementor-top-column elementor-element elementor-element-1f6e572\" data-id=\"1f6e572\" data-element_type=\"column\" data-e-type=\"column\">\n\t\t\t<div class=\"elementor-widget-wrap elementor-element-populated\">\n\t\t\t\t\t\t<div class=\"elementor-element elementor-element-1804dbf elementor-widget elementor-widget-image\" data-id=\"1804dbf\" data-element_type=\"widget\" data-e-type=\"widget\" data-widget_type=\"image.default\">\n\t\t\t\t<div class=\"elementor-widget-container\">\n\t\t\t\t\t\t\t\t\t\t\t\t\t\t\t<img decoding=\"async\" width=\"768\" height=\"1024\" src=\"https:\/\/buenavoluntadvenezuela.org\/wp-content\/uploads\/2025\/07\/WhatsApp-Image-2025-07-21-at-09.05.44-768x1024.jpeg\" class=\"attachment-large size-large wp-image-1364\" alt=\"\" srcset=\"https:\/\/buenavoluntadvenezuela.org\/wp-content\/uploads\/2025\/07\/WhatsApp-Image-2025-07-21-at-09.05.44-768x1024.jpeg 768w, https:\/\/buenavoluntadvenezuela.org\/wp-content\/uploads\/2025\/07\/WhatsApp-Image-2025-07-21-at-09.05.44-225x300.jpeg 225w, https:\/\/buenavoluntadvenezuela.org\/wp-content\/uploads\/2025\/07\/WhatsApp-Image-2025-07-21-at-09.05.44-9x12.jpeg 9w, https:\/\/buenavoluntadvenezuela.org\/wp-content\/uploads\/2025\/07\/WhatsApp-Image-2025-07-21-at-09.05.44-600x800.jpeg 600w, https:\/\/buenavoluntadvenezuela.org\/wp-content\/uploads\/2025\/07\/WhatsApp-Image-2025-07-21-at-09.05.44.jpeg 960w\" sizes=\"(max-width: 768px) 100vw, 768px\" \/>\t\t\t\t\t\t\t\t\t\t\t\t\t\t\t<\/div>\n\t\t\t\t<\/div>\n\t\t\t\t\t<\/div>\n\t\t<\/div>\n\t\t\t\t\t<\/div>\n\t\t<\/section>\n\t\t\t\t<section class=\"elementor-section elementor-top-section elementor-element elementor-element-760a92a elementor-section-boxed elementor-section-height-default elementor-section-height-default\" data-id=\"760a92a\" data-element_type=\"section\" data-e-type=\"section\">\n\t\t\t\t\t\t<div class=\"elementor-container elementor-column-gap-default\">\n\t\t\t\t\t<div class=\"elementor-column elementor-col-100 elementor-top-column elementor-element elementor-element-9d0ebb1\" data-id=\"9d0ebb1\" data-element_type=\"column\" data-e-type=\"column\">\n\t\t\t<div class=\"elementor-widget-wrap elementor-element-populated\">\n\t\t\t\t\t\t<div class=\"elementor-element elementor-element-daaaf24 elementor-widget elementor-widget-text-editor\" data-id=\"daaaf24\" data-element_type=\"widget\" data-e-type=\"widget\" data-widget_type=\"text-editor.default\">\n\t\t\t\t<div class=\"elementor-widget-container\">\n\t\t\t\t\t\t\t\t\t<p><span style=\"font-weight: 400;\">The training modality is 100% virtual, combining synchronous classes via Google Meet, pre-recorded content via YouTube, support in WhatsApp groups with specialists in each area, and the use of a virtual classroom for completing assignments, allowing it to extend its impact from Caracas to other regions of the country.<\/span><\/p>\t\t\t\t\t\t\t\t<\/div>\n\t\t\t\t<\/div>\n\t\t\t\t\t<\/div>\n\t\t<\/div>\n\t\t\t\t\t<\/div>\n\t\t<\/section>\n\t\t\t\t<\/div>","protected":false},"excerpt":{"rendered":"<p>CAPACITACION VIRTUAL Conectando Talentos Es un programa de capacitaci\u00f3n virtual dise\u00f1ado para ampliar las oportunidades de formaci\u00f3n e inclusi\u00f3n socio-laboral de personas con discapacidad en diversas ciudades del pa\u00eds.\u00a0 \u00a0 Esta iniciativa est\u00e1 dirigida principalmente a grupos familiares con adultos j\u00f3venes con discapacidad y se enfoca en el desarrollo de competencias socioemocionales, tambi\u00e9n conocidas como [&hellip;]<\/p>\n","protected":false},"author":2,"featured_media":0,"parent":0,"menu_order":0,"comment_status":"closed","ping_status":"closed","template":"","meta":{"footnotes":""},"class_list":["post-1295","page","type-page","status-publish","hentry"],"aioseo_notices":[],"_links":{"self":[{"href":"https:\/\/buenavoluntadvenezuela.org\/en\/wp-json\/wp\/v2\/pages\/1295","targetHints":{"allow":["GET"]}}],"collection":[{"href":"https:\/\/buenavoluntadvenezuela.org\/en\/wp-json\/wp\/v2\/pages"}],"about":[{"href":"https:\/\/buenavoluntadvenezuela.org\/en\/wp-json\/wp\/v2\/types\/page"}],"author":[{"embeddable":true,"href":"https:\/\/buenavoluntadvenezuela.org\/en\/wp-json\/wp\/v2\/users\/2"}],"replies":[{"embeddable":true,"href":"https:\/\/buenavoluntadvenezuela.org\/en\/wp-json\/wp\/v2\/comments?post=1295"}],"version-history":[{"count":42,"href":"https:\/\/buenavoluntadvenezuela.org\/en\/wp-json\/wp\/v2\/pages\/1295\/revisions"}],"predecessor-version":[{"id":1687,"href":"https:\/\/buenavoluntadvenezuela.org\/en\/wp-json\/wp\/v2\/pages\/1295\/revisions\/1687"}],"wp:attachment":[{"href":"https:\/\/buenavoluntadvenezuela.org\/en\/wp-json\/wp\/v2\/media?parent=1295"}],"curies":[{"name":"wp","href":"https:\/\/api.w.org\/{rel}","templated":true}]}}